{"id":5579,"date":"2023-07-06T10:18:34","date_gmt":"2023-07-06T09:18:34","guid":{"rendered":"https:\/\/aalborgfriskole.dk\/?page_id=5579"},"modified":"2023-07-09T11:55:06","modified_gmt":"2023-07-09T10:55:06","slug":"elementor-5579","status":"publish","type":"page","link":"https:\/\/aalborgfriskole.dk\/index.php\/elementor-5579\/","title":{"rendered":"Elementor #5579"},"content":{"rendered":"\t\t<div data-elementor-type=\"wp-page\" data-elementor-id=\"5579\" class=\"elementor elementor-5579\" data-elementor-post-type=\"page\">\n\t\t\t\t\t\t<section class=\"elementor-section elementor-top-section elementor-element elementor-element-39edf22 elementor-section-boxed elementor-section-height-default elementor-section-height-default\" data-id=\"39edf22\" data-element_type=\"section\" data-e-type=\"section\">\n\t\t\t\t\t\t<div class=\"elementor-container elementor-column-gap-default\">\n\t\t\t\t\t<div class=\"elementor-column elementor-col-100 elementor-top-column elementor-element elementor-element-51ff6bf\" data-id=\"51ff6bf\" data-element_type=\"column\" data-e-type=\"column\" data-settings=\"{&quot;background_background&quot;:&quot;classic&quot;}\">\n\t\t\t<div class=\"elementor-widget-wrap elementor-element-populated\">\n\t\t\t\t\t\t<div class=\"elementor-element elementor-element-ea36421 elementor-widget elementor-widget-heading\" data-id=\"ea36421\" data-element_type=\"widget\" data-e-type=\"widget\" data-widget_type=\"heading.default\">\n\t\t\t\t<div class=\"elementor-widget-container\">\n\t\t\t\t\t<h2 class=\"elementor-heading-title elementor-size-default\">MUSIK<\/h2>\t\t\t\t<\/div>\n\t\t\t\t<\/div>\n\t\t\t\t\t<\/div>\n\t\t<\/div>\n\t\t\t\t\t<\/div>\n\t\t<\/section>\n\t\t\t\t<section class=\"elementor-section elementor-top-section elementor-element elementor-element-cb653bb elementor-section-boxed elementor-section-height-default elementor-section-height-default\" data-id=\"cb653bb\" data-element_type=\"section\" data-e-type=\"section\">\n\t\t\t\t\t\t<div class=\"elementor-container elementor-column-gap-default\">\n\t\t\t\t\t<div class=\"elementor-column elementor-col-50 elementor-top-column elementor-element elementor-element-0fb49b9\" data-id=\"0fb49b9\" data-element_type=\"column\" data-e-type=\"column\" data-settings=\"{&quot;background_background&quot;:&quot;classic&quot;}\">\n\t\t\t<div class=\"elementor-widget-wrap elementor-element-populated\">\n\t\t\t\t\t\t<div class=\"elementor-element elementor-element-c2a6fea elementor-widget elementor-widget-text-editor\" data-id=\"c2a6fea\" data-element_type=\"widget\" data-e-type=\"widget\" data-widget_type=\"text-editor.default\">\n\t\t\t\t<div class=\"elementor-widget-container\">\n\t\t\t\t\t\t\t\t\t<p><span style=\"font-weight: 400;\">Vi vil s\u00e5 vidt muligt tilbyde undervisning i f\u00f8lgende instrumenter p\u00e5 3 niveauer:<\/span><\/p><ul><li style=\"font-weight: 400;\" aria-level=\"1\"><span style=\"font-weight: 400;\">Trommer<\/span><\/li><li style=\"font-weight: 400;\" aria-level=\"1\"><span style=\"font-weight: 400;\">Guitar \/ Bas<\/span><\/li><li style=\"font-weight: 400;\" aria-level=\"1\"><span style=\"font-weight: 400;\">Klaver<\/span><\/li><li style=\"font-weight: 400;\" aria-level=\"1\"><span style=\"font-weight: 400;\">Sang<\/span><\/li><li style=\"font-weight: 400;\" aria-level=\"1\"><span style=\"font-weight: 400;\">Ukulele<\/span><\/li><li style=\"font-weight: 400;\" aria-level=\"1\"><span style=\"font-weight: 400;\">Elektronisk musik \/ lav musik p\u00e5 din computer (kun hold)<\/span><\/li><li style=\"font-weight: 400;\" aria-level=\"1\"><span style=\"font-weight: 400;\">Sang, spil og bev\u00e6gelse (SSB) (kun hold)<\/span><\/li><\/ul><p><span style=\"font-weight: 400;\">Alle deltagere v\u00e6lger sig ind p\u00e5 et af de 3 niveauer: Nybegynder, Let \u00f8vet og Mere \u00f8vet. I \u00e5r er det muligt at tilmelde sig holdundervisning for 2 personer &#8211; prisen er den samme, men eleverne f\u00e5r l\u00e6ngere undervisning hver uge.<\/span><\/p>\t\t\t\t\t\t\t\t<\/div>\n\t\t\t\t<\/div>\n\t\t\t\t\t<\/div>\n\t\t<\/div>\n\t\t\t\t<div class=\"elementor-column elementor-col-50 elementor-top-column elementor-element elementor-element-cbd27ae\" data-id=\"cbd27ae\" data-element_type=\"column\" data-e-type=\"column\" data-settings=\"{&quot;background_background&quot;:&quot;classic&quot;}\">\n\t\t\t<div class=\"elementor-widget-wrap elementor-element-populated\">\n\t\t\t\t\t\t<div class=\"elementor-element elementor-element-ff8a047 elementor-widget elementor-widget-spacer\" data-id=\"ff8a047\" data-element_type=\"widget\" data-e-type=\"widget\" data-widget_type=\"spacer.default\">\n\t\t\t\t<div class=\"elementor-widget-container\">\n\t\t\t\t\t\t\t<div class=\"elementor-spacer\">\n\t\t\t<div class=\"elementor-spacer-inner\"><\/div>\n\t\t<\/div>\n\t\t\t\t\t\t<\/div>\n\t\t\t\t<\/div>\n\t\t\t\t\t<\/div>\n\t\t<\/div>\n\t\t\t\t\t<\/div>\n\t\t<\/section>\n\t\t\t\t<section class=\"elementor-section elementor-top-section elementor-element elementor-element-c919f58 elementor-section-boxed elementor-section-height-default elementor-section-height-default\" data-id=\"c919f58\" data-element_type=\"section\" data-e-type=\"section\">\n\t\t\t\t\t\t<div class=\"elementor-container elementor-column-gap-default\">\n\t\t\t\t\t<div class=\"elementor-column elementor-col-100 elementor-top-column elementor-element elementor-element-c52548a\" data-id=\"c52548a\" data-element_type=\"column\" data-e-type=\"column\" data-settings=\"{&quot;background_background&quot;:&quot;classic&quot;}\">\n\t\t\t<div class=\"elementor-widget-wrap elementor-element-populated\">\n\t\t\t\t\t\t<div class=\"elementor-element elementor-element-6861c7b elementor-widget elementor-widget-heading\" data-id=\"6861c7b\" data-element_type=\"widget\" data-e-type=\"widget\" data-widget_type=\"heading.default\">\n\t\t\t\t<div class=\"elementor-widget-container\">\n\t\t\t\t\t<p class=\"elementor-heading-title elementor-size-default\">Undervisningen<\/p>\t\t\t\t<\/div>\n\t\t\t\t<\/div>\n\t\t\t\t<div class=\"elementor-element elementor-element-a105c55 elementor-widget elementor-widget-text-editor\" data-id=\"a105c55\" data-element_type=\"widget\" data-e-type=\"widget\" data-widget_type=\"text-editor.default\">\n\t\t\t\t<div class=\"elementor-widget-container\">\n\t\t\t\t\t\t\t\t\t<p><strong>Undervisere<\/strong><\/p><p>Underviserne er prim\u00e6rt studerende ved Det Jyske Musikkonservatorium Aalborg, og undervisningen bliver planlagt, s\u00e5 den passer med den enkelte elevs skema p\u00e5 skolen. AFM modtager tilskud fra Aalborg Kommune til drift af foreningen.<\/p><p>\u00a0<\/p><p><strong>Undervisningens struktur<\/strong><\/p><p>For at f\u00e5 mulighed for at tilegne sig f\u00e6rdigheder p\u00e5 et instrument er musikundervisningen tilrettelagt som soloundervisning med 20 minutters solo instrumentundervisning pr. uge, hvor eleverne f\u00e5r instruktioner i, hvad de skal \u00f8ve til n\u00e6ste gang. For eleverne, der har tilmeldt sig holdundervisning, vil undervisningen omfatte 40 minutters undervisning.<\/p><p>Vi vil i samarbejde med underviserne planl\u00e6gge og arrangere sammenspilsundervisning for eleverne i slutningen af hvert semester. Dette vil vi g\u00f8re, b\u00e5de fordi vi mener, at sammenspil er en vigtig del af det at spille musik, og intentionen er ogs\u00e5, at musikskolens elever kan optr\u00e6de til \u00e9t eller flere af skolens arrangementer i l\u00f8bet af skole\u00e5ret.<\/p>\t\t\t\t\t\t\t\t<\/div>\n\t\t\t\t<\/div>\n\t\t\t\t\t<\/div>\n\t\t<\/div>\n\t\t\t\t\t<\/div>\n\t\t<\/section>\n\t\t\t\t<section class=\"elementor-section elementor-top-section elementor-element elementor-element-86c434e elementor-section-boxed elementor-section-height-default elementor-section-height-default\" data-id=\"86c434e\" data-element_type=\"section\" data-e-type=\"section\">\n\t\t\t\t\t\t<div class=\"elementor-container elementor-column-gap-default\">\n\t\t\t\t\t<div class=\"elementor-column elementor-col-50 elementor-top-column elementor-element elementor-element-0e279fc\" data-id=\"0e279fc\" data-element_type=\"column\" data-e-type=\"column\" data-settings=\"{&quot;background_background&quot;:&quot;classic&quot;}\">\n\t\t\t<div class=\"elementor-widget-wrap elementor-element-populated\">\n\t\t\t\t\t\t<div class=\"elementor-element elementor-element-af0193d elementor-widget elementor-widget-spacer\" data-id=\"af0193d\" data-element_type=\"widget\" data-e-type=\"widget\" data-widget_type=\"spacer.default\">\n\t\t\t\t<div class=\"elementor-widget-container\">\n\t\t\t\t\t\t\t<div class=\"elementor-spacer\">\n\t\t\t<div class=\"elementor-spacer-inner\"><\/div>\n\t\t<\/div>\n\t\t\t\t\t\t<\/div>\n\t\t\t\t<\/div>\n\t\t\t\t\t<\/div>\n\t\t<\/div>\n\t\t\t\t<div class=\"elementor-column elementor-col-50 elementor-top-column elementor-element elementor-element-54996e8\" data-id=\"54996e8\" data-element_type=\"column\" data-e-type=\"column\" data-settings=\"{&quot;background_background&quot;:&quot;classic&quot;}\">\n\t\t\t<div class=\"elementor-widget-wrap elementor-element-populated\">\n\t\t\t\t\t\t<div class=\"elementor-element elementor-element-7e82a4a elementor-widget elementor-widget-text-editor\" data-id=\"7e82a4a\" data-element_type=\"widget\" data-e-type=\"widget\" data-widget_type=\"text-editor.default\">\n\t\t\t\t<div class=\"elementor-widget-container\">\n\t\t\t\t\t\t\t\t\t<p><strong>Priser<\/strong><\/p><p><span style=\"font-weight: 400;\">Ved tilmelding til ovenst\u00e5ende blanket accepterer man en opkr\u00e6vning p\u00e5 1500 kr. pr. halv\u00e5r. 1. rate er for perioden september 2023 til og med januar 2024 og indeholder et engangskontingent p\u00e5 500 kr. pr. \u00e5r til foreningens administration. 2. rate d\u00e6kker fra februar 2024 til og med juni m\u00e5ned 2024. I alt ca. 25 undervisningsgange. Prisen p\u00e5 elektronisk musik og SSB afh\u00e6nger af antal tilmeldte, men den forventede pris er maksimalt 1000 kr. pr. halv\u00e5r. I tilf\u00e6lde af \u00f8nske om at modtage undervisning p\u00e5 flere instrumenter, betales der en reduceret pris for det andet instrument.<\/span><\/p>\t\t\t\t\t\t\t\t<\/div>\n\t\t\t\t<\/div>\n\t\t\t\t\t<\/div>\n\t\t<\/div>\n\t\t\t\t\t<\/div>\n\t\t<\/section>\n\t\t\t\t<section class=\"elementor-section elementor-top-section elementor-element elementor-element-32b462b elementor-section-boxed elementor-section-height-default elementor-section-height-default\" data-id=\"32b462b\" data-element_type=\"section\" data-e-type=\"section\">\n\t\t\t\t\t\t<div class=\"elementor-container elementor-column-gap-default\">\n\t\t\t\t\t<div class=\"elementor-column elementor-col-100 elementor-top-column elementor-element elementor-element-438e0b6\" data-id=\"438e0b6\" data-element_type=\"column\" data-e-type=\"column\" data-settings=\"{&quot;background_background&quot;:&quot;classic&quot;}\">\n\t\t\t<div class=\"elementor-widget-wrap elementor-element-populated\">\n\t\t\t\t\t\t<div class=\"elementor-element elementor-element-aa6a254 elementor-widget elementor-widget-text-editor\" data-id=\"aa6a254\" data-element_type=\"widget\" data-e-type=\"widget\" data-widget_type=\"text-editor.default\">\n\t\t\t\t<div class=\"elementor-widget-container\">\n\t\t\t\t\t\t\t\t\t<p><strong>Afbud\/Ferie<\/strong><\/p><p><span style=\"font-weight: 400;\">Ved elevs afbud godtg\u00f8res undervisningen ikke.<\/span> <span style=\"font-weight: 400;\">Ved l\u00e6rers afbud godtg\u00f8res undervisningen i slutningen af skole\u00e5ret (juni m\u00e5ned).<\/span><span style=\"font-weight: 400;\">\u00a0 <\/span> <span style=\"font-weight: 400;\">Afbud skal meldes direkte til underviser. Mail og telefonnummer vil fremg\u00e5 af skemaet. Det er elevens\/for\u00e6ldrenes ansvar, at eleven m\u00f8der op til undervisningen. Informationer om tider vil h\u00e6nge p\u00e5 Aalborg Friskoles skoletorvet og de meldes ud p\u00e5 mail forud for opstart af undervisningen.<\/span><\/p><p><span style=\"font-weight: 400;\">Der er ingen undervisning i ferier og p\u00e5 helligdage.<\/span><\/p>\t\t\t\t\t\t\t\t<\/div>\n\t\t\t\t<\/div>\n\t\t\t\t\t<\/div>\n\t\t<\/div>\n\t\t\t\t\t<\/div>\n\t\t<\/section>\n\t\t\t\t<section class=\"elementor-section elementor-top-section elementor-element elementor-element-46a6500 elementor-section-boxed elementor-section-height-default elementor-section-height-default\" data-id=\"46a6500\" data-element_type=\"section\" data-e-type=\"section\">\n\t\t\t\t\t\t<div class=\"elementor-container elementor-column-gap-default\">\n\t\t\t\t\t<div class=\"elementor-column elementor-col-100 elementor-top-column elementor-element elementor-element-4cc3e99\" data-id=\"4cc3e99\" data-element_type=\"column\" data-e-type=\"column\" data-settings=\"{&quot;background_background&quot;:&quot;classic&quot;}\">\n\t\t\t<div class=\"elementor-widget-wrap elementor-element-populated\">\n\t\t\t\t\t\t<div class=\"elementor-element elementor-element-02d0885 elementor-align-center elementor-widget elementor-widget-button\" data-id=\"02d0885\" data-element_type=\"widget\" data-e-type=\"widget\" data-widget_type=\"button.default\">\n\t\t\t\t<div class=\"elementor-widget-container\">\n\t\t\t\t\t\t\t\t\t<div class=\"elementor-button-wrapper\">\n\t\t\t\t\t<a class=\"elementor-button elementor-button-link elementor-size-sm\" href=\"https:\/\/docs.google.com\/forms\/d\/e\/1FAIpQLSddXzuOgzBamHibdkE_Vl8DZVlpyQJCiNe1tGQO9ZFzZKLHyQ\/viewform\">\n\t\t\t\t\t\t<span class=\"elementor-button-content-wrapper\">\n\t\t\t\t\t\t\t\t\t<span class=\"elementor-button-text\">Tilmelding<\/span>\n\t\t\t\t\t<\/span>\n\t\t\t\t\t<\/a>\n\t\t\t\t<\/div>\n\t\t\t\t\t\t\t\t<\/div>\n\t\t\t\t<\/div>\n\t\t\t\t\t<\/div>\n\t\t<\/div>\n\t\t\t\t\t<\/div>\n\t\t<\/section>\n\t\t\t\t<\/div>\n\t\t","protected":false},"excerpt":{"rendered":"<p>MUSIK Vi vil s\u00e5 vidt muligt tilbyde undervisning i f\u00f8lgende instrumenter p\u00e5 3 niveauer: Trommer Guitar \/ Bas Klaver Sang [&hellip;]<\/p>\n","protected":false},"author":1,"featured_media":0,"parent":0,"menu_order":0,"comment_status":"closed","ping_status":"closed","template":"","meta":{"site-sidebar-layout":"no-sidebar","site-content-layout":"page-builder","ast-site-content-layout":"","site-content-style":"default","site-sidebar-style":"default","ast-global-header-display":"","ast-banner-title-visibility":"","ast-main-header-display":"","ast-hfb-above-header-display":"","ast-hfb-below-header-display":"","ast-hfb-mobile-header-display":"","site-post-title":"disabled","ast-breadcrumbs-content":"","ast-featured-img":"disabled","footer-sml-layout":"","theme-transparent-header-meta":"","adv-header-id-meta":"","stick-header-meta":"","header-above-stick-meta":"","header-main-stick-meta":"","header-below-stick-meta":"","astra-migrate-meta-layouts":"default","ast-page-background-enabled":"default","ast-page-background-meta":{"desktop":{"background-color":"var(--ast-global-color-4)","background-image":"","background-repeat":"repeat","background-position":"center center","background-size":"auto","background-attachment":"scroll","background-type":"","background-media":"","overlay-type":"","overlay-color":"","overlay-opacity":"","overlay-gradient":""},"tablet":{"background-color":"","background-image":"","background-repeat":"repeat","background-position":"center center","background-size":"auto","background-attachment":"scroll","background-type":"","background-media":"","overlay-type":"","overlay-color":"","overlay-opacity":"","overlay-gradient":""},"mobile":{"background-color":"","background-image":"","background-repeat":"repeat","background-position":"center center","background-size":"auto","background-attachment":"scroll","background-type":"","background-media":"","overlay-type":"","overlay-color":"","overlay-opacity":"","overlay-gradient":""}},"ast-content-background-meta":{"desktop":{"background-color":"var(--ast-global-color-5)","background-image":"","background-repeat":"repeat","background-position":"center center","background-size":"auto","background-attachment":"scroll","background-type":"","background-media":"","overlay-type":"","overlay-color":"","overlay-opacity":"","overlay-gradient":""},"tablet":{"background-color":"var(--ast-global-color-5)","background-image":"","background-repeat":"repeat","background-position":"center center","background-size":"auto","background-attachment":"scroll","background-type":"","background-media":"","overlay-type":"","overlay-color":"","overlay-opacity":"","overlay-gradient":""},"mobile":{"background-color":"var(--ast-global-color-5)","background-image":"","background-repeat":"repeat","background-position":"center center","background-size":"auto","background-attachment":"scroll","background-type":"","background-media":"","overlay-type":"","overlay-color":"","overlay-opacity":"","overlay-gradient":""}},"footnotes":""},"class_list":["post-5579","page","type-page","status-publish","hentry"],"_links":{"self":[{"href":"https:\/\/aalborgfriskole.dk\/index.php\/wp-json\/wp\/v2\/pages\/5579","targetHints":{"allow":["GET"]}}],"collection":[{"href":"https:\/\/aalborgfriskole.dk\/index.php\/wp-json\/wp\/v2\/pages"}],"about":[{"href":"https:\/\/aalborgfriskole.dk\/index.php\/wp-json\/wp\/v2\/types\/page"}],"author":[{"embeddable":true,"href":"https:\/\/aalborgfriskole.dk\/index.php\/wp-json\/wp\/v2\/users\/1"}],"replies":[{"embeddable":true,"href":"https:\/\/aalborgfriskole.dk\/index.php\/wp-json\/wp\/v2\/comments?post=5579"}],"version-history":[{"count":38,"href":"https:\/\/aalborgfriskole.dk\/index.php\/wp-json\/wp\/v2\/pages\/5579\/revisions"}],"predecessor-version":[{"id":5711,"href":"https:\/\/aalborgfriskole.dk\/index.php\/wp-json\/wp\/v2\/pages\/5579\/revisions\/5711"}],"wp:attachment":[{"href":"https:\/\/aalborgfriskole.dk\/index.php\/wp-json\/wp\/v2\/media?parent=5579"}],"curies":[{"name":"wp","href":"https:\/\/api.w.org\/{rel}","templated":true}]}}